{"id":3795,"date":"2026-03-21T23:11:30","date_gmt":"2026-03-21T22:11:30","guid":{"rendered":"https:\/\/ea-marketplace.com\/product\/\/"},"modified":"2026-05-07T14:52:36","modified_gmt":"2026-05-07T12:52:36","slug":"daxpulse","status":"publish","type":"product","link":"https:\/\/ea-marketplace.com\/en\/product\/daxpulse\/","title":{"rendered":"DaxPulse EA"},"content":{"rendered":"<header class=\"entry-header\" aria-label=\"Inhalt\">\n<h2><span style=\"font-size: 18pt;\">Mithilfe von statistischen Chartmustern den DAX profitabel traden<\/span><\/h2>\n<\/header>\n<div class=\"entry-content\">\n<p>Gibt es typische Muster f\u00fcr die Tages\u00e4nderung des (F)DAX in Abh\u00e4ngigkeit davon, ob wir in einem B\u00e4ren- oder Bullenmarkt sind? Als Tages\u00e4nderung soll nun die prozentuale \u00c4nderung zwischen B\u00f6rsener\u00f6ffnung um 8 Uhr und B\u00f6rsenschluss um 22 Uhr betrachtet werden.\u00a0<strong>Das Ergebnis ist verbl\u00fcffend<\/strong>:<\/p>\n<p><img decoding=\"async\" src=\"https:\/\/seasonal-trading.com\/wp-content\/uploads\/2021\/11\/seasonal-trading-week.png\" alt=\"Dax Relative Kursbewegungen nach Wochentagen\" \/><\/p>\n<p><strong>Jetzt erkennen wir sofort einen markanten und eindeutigen Zusammenhang. In einem Bullenmarkt steigen die Kurse am Montag, Donnerstag und Freitag, w\u00e4hrend die Kurse am Dienstag und Mittwoch eher fallen. In einem B\u00e4renmarkt ist es exakt andersherum.<\/strong>\u00a0Wer also ein Kaufsignal in einem Bullenmarkt sucht, sollte eher am Ende einer Woche einsteigen und den Dienstag auf jeden Fall meiden. Die Frage des \u201ewarum\u201c ist nat\u00fcrlich spannend, aber f\u00fcr uns reine Spekulation. Hier k\u00f6nnte man bestimmt tolle Stories schreiben, interessanter ist jedoch:\u00a0<strong>kann man diesen Wahrscheinlichkeitsvorteil jetzt auch unmittelbar in einen Gewinnvorteil \u00fcberf\u00fchren?<\/strong><\/p>\n<p>Hier k\u00f6nnen wir jetzt eine einfache Rechnung nach festen Regeln machen und dann mit den historischen Daten eine Gewinnrechnung durchf\u00fchren. Wenn der Er\u00f6ffnungskurs an einem Tag oberhalb des EMA80 des Vortages liegt (=&gt; Bullenmarkt) und wir z.B. einen Montag haben, wird eine Longposition er\u00f6ffnet und am Ende des Tages geschlossen. An einen Dienstag w\u00fcrde man ein Shortposition zur Er\u00f6ffnung kaufen (in einem Bullenmarkt) und ebenfalls wieder am Ende des Tages verkaufen. Wendet man diese einfache Regel auf die historischen Daten an, erh\u00e4lt man die folgende Aufsummierung der FDAX Punkte.<\/p>\n<p><img decoding=\"async\" src=\"https:\/\/seasonal-trading.com\/wp-content\/uploads\/2021\/11\/seasonal-trading-regelwerk.png\" alt=\"(F)DAX Punkte nach Regelwerk\" \/><\/p>\n<p>\nIn Summe h\u00e4tte man somit in 14 Jahren knapp 14000 FDAX Punkte eingesammelt. So wurde also aus einem Wahrscheinlichkeitsvorteil ein echter Gewinnvorteil. In einer genaueren Betrachtung w\u00fcrde man jetzt noch den realen Spread (Differenz zwischen An- und Verkaufskurs) ber\u00fccksichtigen und sicher auch noch einen Stop-Loss f\u00fcr die einzelnen Trades definieren. Das Grundsystem ist jedoch bestechend einfach und bietet noch zahlreiche Optimierungsm\u00f6glichkeiten.<7p><\/p>\n<\/div>\n<div class=\"wp-block-kadence-spacer aligncenter kt-block-spacer-_2550ba-fb\"><\/div>\n<div><\/div>\n<p><iframe loading=\"lazy\" title=\"DaxPuls EA Trading System - Expert Advisor for MetaTrader 4\" src=\"https:\/\/www.youtube.com\/embed\/2zNOoHbw1Yk\" width=\"720\" height=\"420\" frameborder=\"0\" allowfullscreen=\"allowfullscreen\"><\/iframe><\/p>\n<h2><span style=\"font-size: 16pt;\">Die Trading Idee<\/span><\/h2>\n<p>In einem Bullenmarkt steigen die Kurse regelm\u00e4\u00dfig am Montag, Donnerstag und Freitag. W\u00e4hrend die Kurse am Dienstag und Mittwoch tendenziell fallen. In einem B\u00e4renmarkt ist es exakt andersherum.<\/p>\n<h3><strong>Bullenmarkt<\/strong><\/h3>\n<p>Wenn der Er\u00f6ffnungskurs an einem Handelstag oberhalb des exponentiellen Gleitenden Durchschnittes liegt, gehen wir von einem Bullenmarkt aus. Wir gehen daher immer am Montag, Donnerstag und Freitag long in den Markt, am Dienstag und Mittwoch dagegen short. Am Montagmorgen kaufen wir also eine Position und schlie\u00dfen diese kurz vor dem Erklingen der Schlussglocke. Am darauffolgenden Dienstag sind wir in der Erwartung fallender Notierungen leer zu verkaufen. Wir folgen in der restlichen Woche diesem Plan weiter.<\/p>\n<h3><strong>B\u00e4renmarkt<\/strong><\/h3>\n<p>Notiert der DAX zur Handelser\u00f6ffnung unterhalb unseres Trendfilters, gehen wir von einem Abw\u00e4rtstrend, also einem B\u00e4renmarkt aus. Wir wenden das gegenteilige Verhalten an: Am Montag, Donnerstag und Freitag shorten wir den Markt. Wogegen wir am Dienstag und Mittwoch long einsteigen. Wendet man diese einfache Regel auf die historischen Daten an, sollte man ein profitables und stabiles Handelssystem erhalten.<\/p>\n<p><iframe loading=\"lazy\" title=\"DaxPuls Expert Advisor Backtest optimized Teil 2 \u27a4 141.354,95\u20ac\" src=\"https:\/\/www.youtube.com\/embed\/p13jxD0g4Fw\" width=\"720\" height=\"420\" frameborder=\"0\" allowfullscreen=\"allowfullscreen\" data-mce-fragment=\"1\"><\/iframe><\/p>\n<p>&nbsp;<\/p>\n","protected":false},"excerpt":{"rendered":"<p>Traden Sie statistische Muster in Abh\u00e4ngigkeit, ob wir in einem B\u00e4ren- oder Bullenmarkt sind.<\/p>\n","protected":false},"featured_media":3813,"comment_status":"closed","ping_status":"closed","template":"","meta":{"site-sidebar-layout":"default","site-content-layout":"","ast-site-content-layout":"default","site-content-style":"default","site-sidebar-style":"default","ast-global-header-display":"","ast-banner-title-visibility":"","ast-main-header-display":"","ast-hfb-above-header-display":"","ast-hfb-below-header-display":"","ast-hfb-mobile-header-display":"","site-post-title":"","ast-breadcrumbs-content":"","ast-featured-img":"","footer-sml-layout":"","ast-disable-related-posts":"","theme-transparent-header-meta":"default","adv-header-id-meta":"","stick-header-meta":"","header-above-stick-meta":"","header-main-stick-meta":"","header-below-stick-meta":"","astra-migrate-meta-layouts":"set","ast-page-background-enabled":"default","ast-page-background-meta":{"desktop":{"background-color":"var(--ast-global-color-5)","background-image":"","background-repeat":"repeat","background-position":"center center","background-size":"auto","background-attachment":"scroll","background-type":"","background-media":"","overlay-type":"","overlay-color":"","overlay-opacity":"","overlay-gradient":""},"tablet":{"background-color":"","background-image":"","background-repeat":"repeat","background-position":"center center","background-size":"auto","background-attachment":"scroll","background-type":"","background-media":"","overlay-type":"","overlay-color":"","overlay-opacity":"","overlay-gradient":""},"mobile":{"background-color":"","background-image":"","background-repeat":"repeat","background-position":"center center","background-size":"auto","background-attachment":"scroll","background-type":"","background-media":"","overlay-type":"","overlay-color":"","overlay-opacity":"","overlay-gradient":""}},"ast-content-background-meta":{"desktop":{"background-color":"var(--ast-global-color-4)","background-image":"","background-repeat":"repeat","background-position":"center center","background-size":"auto","background-attachment":"scroll","background-type":"","background-media":"","overlay-type":"","overlay-color":"","overlay-opacity":"","overlay-gradient":""},"tablet":{"background-color":"var(--ast-global-color-4)","background-image":"","background-repeat":"repeat","background-position":"center center","background-size":"auto","background-attachment":"scroll","background-type":"","background-media":"","overlay-type":"","overlay-color":"","overlay-opacity":"","overlay-gradient":""},"mobile":{"background-color":"var(--ast-global-color-4)","background-image":"","background-repeat":"repeat","background-position":"center center","background-size":"auto","background-attachment":"scroll","background-type":"","background-media":"","overlay-type":"","overlay-color":"","overlay-opacity":"","overlay-gradient":""}}},"product_brand":[],"product_cat":[134,17,18,129],"product_tag":[],"class_list":{"0":"post-3795","1":"product","2":"type-product","3":"status-publish","4":"has-post-thumbnail","6":"product_cat-all-products","7":"product_cat-expert-advisor","8":"product_cat-mt4-expert-advisor","9":"product_cat-mt5-expert-advisor","10":"desktop-align-center","11":"tablet-align-left","12":"mobile-align-left","14":"first","15":"instock","16":"shipping-taxable","17":"purchasable","18":"product-type-variable"},"_links":{"self":[{"href":"https:\/\/ea-marketplace.com\/en\/wp-json\/wp\/v2\/product\/3795","targetHints":{"allow":["GET"]}}],"collection":[{"href":"https:\/\/ea-marketplace.com\/en\/wp-json\/wp\/v2\/product"}],"about":[{"href":"https:\/\/ea-marketplace.com\/en\/wp-json\/wp\/v2\/types\/product"}],"replies":[{"embeddable":true,"href":"https:\/\/ea-marketplace.com\/en\/wp-json\/wp\/v2\/comments?post=3795"}],"wp:featuredmedia":[{"embeddable":true,"href":"https:\/\/ea-marketplace.com\/en\/wp-json\/wp\/v2\/media\/3813"}],"wp:attachment":[{"href":"https:\/\/ea-marketplace.com\/en\/wp-json\/wp\/v2\/media?parent=3795"}],"wp:term":[{"taxonomy":"product_brand","embeddable":true,"href":"https:\/\/ea-marketplace.com\/en\/wp-json\/wp\/v2\/product_brand?post=3795"},{"taxonomy":"product_cat","embeddable":true,"href":"https:\/\/ea-marketplace.com\/en\/wp-json\/wp\/v2\/product_cat?post=3795"},{"taxonomy":"product_tag","embeddable":true,"href":"https:\/\/ea-marketplace.com\/en\/wp-json\/wp\/v2\/product_tag?post=3795"}],"curies":[{"name":"wp","href":"https:\/\/api.w.org\/{rel}","templated":true}]}}