{"id":62,"date":"2025-06-18T15:28:27","date_gmt":"2025-06-18T15:28:27","guid":{"rendered":"https:\/\/store.market-trader.de\/?post_type=product&#038;p=62"},"modified":"2026-04-04T00:16:49","modified_gmt":"2026-04-03T22:16:49","slug":"open-range-breakout-ea","status":"publish","type":"product","link":"https:\/\/ea-marketplace.com\/de\/product\/open-range-breakout-ea\/","title":{"rendered":"Outbreaker EA"},"content":{"rendered":"<h1 style=\"text-align: center;\"><span style=\"color: #666699;\">Open Range Breakout EA<\/span><\/h1>\n<hr \/>\n<div class=\"pricing-table\">\n<p><!-- Standard --><\/p>\n<div class=\"pricing-card standard\">\n<div class=\"header\">Standard<\/div>\n<ul>\n<li>\u2713 1x Demo Account<\/li>\n<li>\u2713 1x Real Account<\/li>\n<li>\u2713 Unlimited change Account<\/li>\n<li>\u2713 Updates inklusive<\/li>\n<li>\u2715 E-Mail Support<\/li>\n<li>\u2713 Lizenzstatus 3 Jahre<\/li>\n<\/ul>\n<div class=\"footer\">Kein Abo!<\/div>\n<\/div>\n<p><!-- Premium --><\/p>\n<div class=\"pricing-card premium\">\n<div class=\"header\">Premium<\/div>\n<ul>\n<li>\u2713 3x Demo Account<\/li>\n<li>\u2713 1x Real Account<\/li>\n<li>\u2713 Unlimited change Account<\/li>\n<li>\u2713 Updates inklusive<\/li>\n<li>\u2713 12 Monate E-Mail Support<\/li>\n<li>\u2713 Lizenzstatus 3 Jahre<\/li>\n<\/ul>\n<div class=\"footer\">Kein Abo!<\/div>\n<\/div>\n<p><!-- Ultimate --><\/p>\n<div class=\"pricing-card ultimate\">\n<div class=\"header\">Ultimate<\/div>\n<ul>\n<li>\u2713 5x Demo Account<\/li>\n<li>\u2713 2x Real Account<\/li>\n<li>\u2713 Unlimited change Account<\/li>\n<li>\u2713 Updates inklusive<\/li>\n<li>\u2713 24 Monate E-Mail Support<\/li>\n<li>\u2713 Lizenzstatus 3 Jahre<\/li>\n<\/ul>\n<div class=\"footer\">Kein Abo!<\/div>\n<\/div>\n<\/div>\n<hr \/>\n<div class=\"video-center\"><video src=\"https:\/\/ea-marketplace.com\/video\/Open-Range-Breakout-Expert-Advisor.mp4\" poster=\"https:\/\/ea-marketplace.com\/images\/ORB_DE40M1.png\" controls=\"controls\" width=\"300\" height=\"150\"><br \/>\nIhr Browser kann das Video nicht wiedergeben.<br \/>\n<\/video><\/div>\n<div><\/div>\n<div>\n<hr \/>\n<p style=\"text-align: center;\">Die <strong>Open Range Breakout Strategie<\/strong> wurde in den 80er Jahren bekannt. Das Buch &#8220;Day Trading With Short Term Price Patterns and Opening Range Breakout&#8221; des Traders Toby Crabel ist wohl das bekannteste zu dieser Strategie.<\/p>\n<p style=\"text-align: center;\">Es ist ein recht einfacher Trading-Ansatz, der sowohl von Profis wie auch von Anf\u00e4ngern gerne verwendet wird. In der vorb\u00f6rslichen Er\u00f6ffnungsphase werden ein oder mehrere Stop-Entry in dem Markt gesetzt. Diese werden dann beim Ausbruch durch die Markter\u00f6ffnung gehandelt.<\/p>\n<p style=\"text-align: center;\">Mit dem ORB Expert Advisor haben Sie ein vollautomatisches Trading-System. Dieser EA verwendet als Plattform den MetaTrader 4 oder 5. Auf der Webseite von YouTube sind einige Videos \u00fcber den EA bereits ver\u00f6ffentlicht.<\/p>\n<p style=\"text-align: center;\">Bei dieser Strategie &#8211; wird im 1 Minuten Chart gehandelt. Die Open Range auch Er\u00f6ffnungsspanne genannt wird festgelegt. Es wird auf einen Ausbruch (Breakout) nach der offiziellen Markter\u00f6ffnung aus dieser Range spekuliert. Anwendbar ist diese Strategie in zahlreichen M\u00e4rkten wie Aktienindizes (DAX, EuroStoxx, Dow, S&amp;P 500 etc.), Forex, Anleihen (Bund-Future etc.), Rohstoffen (WTI, Brent Oil etc.), Edelmetallen (Gold etc.), aber auch bei einzelnen Aktien.<\/p>\n<p style=\"text-align: center;\">Beim abstecken des Zeit Rahmens der Open Range gibt es viele unterschiedliche Ans\u00e4tze. W\u00e4hrend beim DAX einige Trader das Hoch und Tief in der Zeit von 9:00 &#8211; 10:00 Uhr w\u00e4hlen, empfehlen andere z.B. 8:00 &#8211; 9:00 Uhr, 8:00 &#8211; 9:15 Uhr oder 9:00 &#8211; 9:45 Uhr zu verwenden. Viele Trader bevorzugen die DAX-Range von 8:01 &#8211; 9:00 Uhr, da um 8:00 Uhr noch einmal gro\u00dfe Spr\u00fcnge auftreten k\u00f6nnen, wird hier noch eine Minute gewartet.<\/p>\n<p style=\"text-align: center;\">F\u00fcr den Dow oder S&amp;P500 werden als Zeitrahmen f\u00fcr die Open-Range die ersten 45 Minuten nach B\u00f6rsener\u00f6ffnung empfohlen, das ist in der Regel die Zeit von 15:30 bis 16:15 Uhr. Aber auch hier hat jeder Trader seine eigene Strategie.<\/p>\n<\/div>\n<hr \/>\n<h3>Funktionsvergleich MT4 vs MT5<\/h3>\n<table>\n<thead>\n<tr>\n<th>Funktion<\/th>\n<th>MT4<\/th>\n<th>MT5<\/th>\n<\/tr>\n<\/thead>\n<tbody>\n<tr>\n<td>\u27a5 geeignet f\u00fcr MetaTrader 4 oder 5 ja nach EA Version<\/td>\n<td class=\"check\">\u2713<\/td>\n<td class=\"check\">\u2713<\/td>\n<\/tr>\n<tr>\n<td>\u27a5 Vollautomatischer Expert Advisor<\/td>\n<td class=\"check\">\u2713<\/td>\n<td class=\"check\">\u2713<\/td>\n<\/tr>\n<tr>\n<td>\u27a5 geeignet f\u00fcr alle Indices, Forex, Rohstoffe, Aktien<\/td>\n<td class=\"check\">\u2713<\/td>\n<td class=\"check\">\u2713<\/td>\n<\/tr>\n<tr>\n<td>\u27a5 Reduzierung der Position durch Teilverkauf<\/td>\n<td class=\"check\">\u2713<\/td>\n<td class=\"check\">\u2713<\/td>\n<\/tr>\n<tr>\n<td>\u27a5 feste Verlustbegrenzung einstellbar<\/td>\n<td class=\"check\">\u2713<\/td>\n<td class=\"empty\">\u2013<\/td>\n<\/tr>\n<tr>\n<td>\u27a5 zeitliche Open-Range Einstellungen<\/td>\n<td class=\"check\">\u2713<\/td>\n<td class=\"check\">\u2713<\/td>\n<\/tr>\n<tr>\n<td>\u27a5 einstellbare maximale Rangegr\u00f6sse<\/td>\n<td class=\"check\">\u2713<\/td>\n<td class=\"check\">\u2713<\/td>\n<\/tr>\n<tr>\n<td>\u27a5 Button f\u00fcr schnelles manuelles Breakeven und OrderClose<\/td>\n<td class=\"check\">\u2713<\/td>\n<td class=\"check\">\u2713<\/td>\n<\/tr>\n<tr>\n<td>\u27a5 Stoploss Range High-Low \/ Mitte \/ High-Low der Profitbox<\/td>\n<td class=\"check\">\u2713<\/td>\n<td class=\"check\">\u2713<\/td>\n<\/tr>\n<tr>\n<td>\u27a5 individuelle Stoploss Punkte einstellbar<\/td>\n<td class=\"check\">\u2713<\/td>\n<td class=\"empty\">\u2013<\/td>\n<\/tr>\n<tr>\n<td>\u27a5 Trailingstops auf Basis des eingestellten Stoplosses<\/td>\n<td class=\"check\">\u2713<\/td>\n<td class=\"check\">\u2713<\/td>\n<\/tr>\n<tr>\n<td>\u27a5 Breakevenstop<\/td>\n<td class=\"check\">\u2713<\/td>\n<td class=\"check\">\u2713<\/td>\n<\/tr>\n<tr>\n<td>\u27a5 Spread Control aktivieren<\/td>\n<td class=\"check\">\u2713<\/td>\n<td class=\"check\">\u2713<\/td>\n<\/tr>\n<tr>\n<td>\u27a5 Range Control aktivieren<\/td>\n<td class=\"check\">\u2713<\/td>\n<td class=\"check\">\u2713<\/td>\n<\/tr>\n<tr>\n<td>\u27a5 variable Profitbox mit CRV-Einstellungen<\/td>\n<td class=\"check\">\u2713<\/td>\n<td class=\"check\">\u2713<\/td>\n<\/tr>\n<tr>\n<td>\u27a5 versteckter Takeprofit vor dem Broker<\/td>\n<td class=\"check\">\u2713<\/td>\n<td class=\"empty\">\u2013<\/td>\n<\/tr>\n<tr>\n<td>\u27a5 einstellbarer Puffer (Strech) auf Range High und Low<\/td>\n<td class=\"check\">\u2713<\/td>\n<td class=\"check\">\u2713<\/td>\n<\/tr>\n<tr>\n<td>\u27a5 zwei Pending Orders am High\/Low der Range<\/td>\n<td class=\"check\">\u2713<\/td>\n<td class=\"check\">\u2713<\/td>\n<\/tr>\n<tr>\n<td>\u27a5 Pending Order Umwandlung in Market Order<\/td>\n<td class=\"check\">\u2713<\/td>\n<td class=\"check\">\u2713<\/td>\n<\/tr>\n<tr>\n<td>\u27a5 eine Pending Order l\u00f6scht die andere bei Aktivierung<\/td>\n<td class=\"check\">\u2713<\/td>\n<td class=\"check\">\u2713<\/td>\n<\/tr>\n<tr>\n<td>\u27a5 oder beide Orders bleiben aktiv<\/td>\n<td class=\"check\">\u2713<\/td>\n<td class=\"check\">\u2713<\/td>\n<\/tr>\n<tr>\n<td>\u27a5 zeitliche Begrenzung der aktiven Pending Orders<\/td>\n<td class=\"check\">\u2713<\/td>\n<td class=\"check\">\u2713<\/td>\n<\/tr>\n<tr>\n<td>\u27a5 Close Time vor Marktschliessung<\/td>\n<td class=\"check\">\u2713<\/td>\n<td class=\"check\">\u2713<\/td>\n<\/tr>\n<tr>\n<td>\u27a5 Timeframe M1<\/td>\n<td class=\"check\">\u2713<\/td>\n<td class=\"check\">\u2713<\/td>\n<\/tr>\n<tr>\n<td>\u27a5 E-Mail Alert<\/td>\n<td class=\"check\">\u2713<\/td>\n<td class=\"empty\">\u2013<\/td>\n<\/tr>\n<tr>\n<td>\u27a5 Statistik-Anzeige im EA<\/td>\n<td class=\"check\">\u2713<\/td>\n<td class=\"check\">\u2713<\/td>\n<\/tr>\n<tr>\n<td>\u27a5 Trendeinstellungen \u00fcber Moving Average m\u00f6glich<\/td>\n<td class=\"check\">\u2713<\/td>\n<td class=\"check\">\u2713<\/td>\n<\/tr>\n<tr>\n<td>\u27a5 3 Jahreslizenz \u2013 keine automatische Verl\u00e4ngerung<\/td>\n<td class=\"check\">\u2713<\/td>\n<td class=\"check\">\u2713<\/td>\n<\/tr>\n<tr>\n<td>\u27a5 Installation der Lizenz auf einem Real-Konto<\/td>\n<td class=\"check\">\u2713<\/td>\n<td class=\"check\">\u2713<\/td>\n<\/tr>\n<tr>\n<td>\u27a5 Updates inklusive<\/td>\n<td class=\"check\">\u2713<\/td>\n<td class=\"check\">\u2713<\/td>\n<\/tr>\n<tr>\n<td>\u27a5 Helpdesk \u00fcber Webseite<\/td>\n<td class=\"check\">\u2713<\/td>\n<td class=\"check\">\u2713<\/td>\n<\/tr>\n<tr>\n<td>\u27a5 Wochentags Filter<\/td>\n<td class=\"check\">\u2713<\/td>\n<td class=\"check\">\u2713<\/td>\n<\/tr>\n<tr>\n<td>\u27a5 Chart Farbanpassung der angezeigten Boxen<\/td>\n<td class=\"check\">\u2713<\/td>\n<td class=\"check\">\u2713<\/td>\n<\/tr>\n<tr>\n<td>\u27a5 Updatecheck auf neuere Version<\/td>\n<td class=\"check\">\u2713<\/td>\n<td class=\"check\">\u2713<\/td>\n<\/tr>\n<tr>\n<td>\u27a5 Email Support bei Premium &amp; Ultimate Version<\/td>\n<td class=\"check\">\u2713<\/td>\n<td class=\"check\">\u2713<\/td>\n<\/tr>\n<\/tbody>\n<\/table>\n","protected":false},"excerpt":{"rendered":"<p>&nbsp;<\/p>\n<p><strong>Kurzbeschreibung:<\/strong><br \/>\nOpen Range Breakout EA \u2013 vollautomatischer Handelsroboter f\u00fcr Forex, Indizes &amp; Rohstoffe. Nutzt eine Handelsrange zur pr\u00e4zisen Breakout-Strategie mit individuell einstellbarem CRV, Trailing-Stop, Zeitfilter &amp; Risiko-Management und vieles mehr. Geeignet f\u00fcr MetaTrader MT4 &amp; MT5.<br \/>\n\u2713 Automatisierte Breakout-Strategie<br \/>\n\u2713 geeignet f\u00fcr Indizes, Forex, Rostoffe, Aktien und Anleihen<br \/>\n\u2713 F\u00fcr MetaTrader 4 &amp; 5 verf\u00fcgbar<\/p>\n","protected":false},"featured_media":1057,"comment_status":"open","ping_status":"closed","template":"","meta":{"site-sidebar-layout":"default","site-content-layout":"","ast-site-content-layout":"default","site-content-style":"default","site-sidebar-style":"default","ast-global-header-display":"","ast-banner-title-visibility":"","ast-main-header-display":"","ast-hfb-above-header-display":"","ast-hfb-below-header-display":"","ast-hfb-mobile-header-display":"","site-post-title":"","ast-breadcrumbs-content":"","ast-featured-img":"","footer-sml-layout":"","ast-disable-related-posts":"","theme-transparent-header-meta":"default","adv-header-id-meta":"","stick-header-meta":"","header-above-stick-meta":"","header-main-stick-meta":"","header-below-stick-meta":"","astra-migrate-meta-layouts":"set","ast-page-background-enabled":"default","ast-page-background-meta":{"desktop":{"background-color":"var(--ast-global-color-5)","background-image":"","background-repeat":"repeat","background-position":"center center","background-size":"auto","background-attachment":"scroll","background-type":"","background-media":"","overlay-type":"","overlay-color":"","overlay-opacity":"","overlay-gradient":""},"tablet":{"background-color":"","background-image":"","background-repeat":"repeat","background-position":"center center","background-size":"auto","background-attachment":"scroll","background-type":"","background-media":"","overlay-type":"","overlay-color":"","overlay-opacity":"","overlay-gradient":""},"mobile":{"background-color":"","background-image":"","background-repeat":"repeat","background-position":"center center","background-size":"auto","background-attachment":"scroll","background-type":"","background-media":"","overlay-type":"","overlay-color":"","overlay-opacity":"","overlay-gradient":""}},"ast-content-background-meta":{"desktop":{"background-color":"var(--ast-global-color-4)","background-image":"","background-repeat":"repeat","background-position":"center center","background-size":"auto","background-attachment":"scroll","background-type":"","background-media":"","overlay-type":"","overlay-color":"","overlay-opacity":"","overlay-gradient":""},"tablet":{"background-color":"var(--ast-global-color-4)","background-image":"","background-repeat":"repeat","background-position":"center center","background-size":"auto","background-attachment":"scroll","background-type":"","background-media":"","overlay-type":"","overlay-color":"","overlay-opacity":"","overlay-gradient":""},"mobile":{"background-color":"var(--ast-global-color-4)","background-image":"","background-repeat":"repeat","background-position":"center center","background-size":"auto","background-attachment":"scroll","background-type":"","background-media":"","overlay-type":"","overlay-color":"","overlay-opacity":"","overlay-gradient":""}}},"product_brand":[],"product_cat":[134,17,18,129],"product_tag":[21,22,20,168],"class_list":{"0":"post-62","1":"product","2":"type-product","3":"status-publish","4":"has-post-thumbnail","6":"product_cat-all-products","7":"product_cat-expert-advisor","8":"product_cat-mt4-expert-advisor","9":"product_cat-mt5-expert-advisor","10":"product_tag-ea","11":"product_tag-expert-advisor","12":"product_tag-open-range-breakout","13":"product_tag-open-range-breakout-ea","14":"desktop-align-center","15":"tablet-align-left","16":"mobile-align-left","18":"first","19":"instock","20":"shipping-taxable","21":"purchasable","22":"product-type-variable"},"_links":{"self":[{"href":"https:\/\/ea-marketplace.com\/de\/wp-json\/wp\/v2\/product\/62","targetHints":{"allow":["GET"]}}],"collection":[{"href":"https:\/\/ea-marketplace.com\/de\/wp-json\/wp\/v2\/product"}],"about":[{"href":"https:\/\/ea-marketplace.com\/de\/wp-json\/wp\/v2\/types\/product"}],"replies":[{"embeddable":true,"href":"https:\/\/ea-marketplace.com\/de\/wp-json\/wp\/v2\/comments?post=62"}],"wp:featuredmedia":[{"embeddable":true,"href":"https:\/\/ea-marketplace.com\/de\/wp-json\/wp\/v2\/media\/1057"}],"wp:attachment":[{"href":"https:\/\/ea-marketplace.com\/de\/wp-json\/wp\/v2\/media?parent=62"}],"wp:term":[{"taxonomy":"product_brand","embeddable":true,"href":"https:\/\/ea-marketplace.com\/de\/wp-json\/wp\/v2\/product_brand?post=62"},{"taxonomy":"product_cat","embeddable":true,"href":"https:\/\/ea-marketplace.com\/de\/wp-json\/wp\/v2\/product_cat?post=62"},{"taxonomy":"product_tag","embeddable":true,"href":"https:\/\/ea-marketplace.com\/de\/wp-json\/wp\/v2\/product_tag?post=62"}],"curies":[{"name":"wp","href":"https:\/\/api.w.org\/{rel}","templated":true}]}}