{"id":2898,"date":"2025-07-05T10:36:36","date_gmt":"2025-07-05T08:36:36","guid":{"rendered":"https:\/\/store.market-trader.de\/?post_type=product&#038;p=2898"},"modified":"2025-07-05T10:36:36","modified_gmt":"2025-07-05T08:36:36","slug":"algo-trader-portfolio","status":"publish","type":"product","link":"https:\/\/ea-marketplace.com\/de\/product\/algo-trader-portfolio\/","title":{"rendered":"Algo-Trader Portfolio"},"content":{"rendered":"<p>&nbsp;<\/p>\n<table style=\"width: 600px;\">\n<thead>\n<tr>\n<th style=\"text-align: left;\">EA Version<\/th>\n<th style=\"text-align: left;\">Lot Size<\/th>\n<\/tr>\n<\/thead>\n<tbody>\n<tr>\n<td>Algo-Trader Bundle A<\/td>\n<td>bis 1 Lot<\/td>\n<\/tr>\n<tr>\n<td>Algo-Trader Bundle B<\/td>\n<td>bis 5 Lot<\/td>\n<\/tr>\n<tr>\n<td>Algo-Trader Bundle C<\/td>\n<td>keine Einschr\u00e4nkung<\/td>\n<\/tr>\n<\/tbody>\n<\/table>\n<h2>Algo-Trader \u2013 Vorteile von automatisierten Handelssystemen<\/h2>\n<p>Unser EA-Portfolio besteht aus\u00a0<strong>9 Expert Advisors<\/strong>\u00a0\u2013 automatisierten Handelsprogrammen f\u00fcr den MetaTrader 4. Diese Systeme folgen klar definierten Regeln und Strategien, die kontinuierlich getestet und optimiert werden.<\/p>\n<h3>Ihre Vorteile im \u00dcberblick<\/h3>\n<ul>\n<li><strong>Keine menschlichen Emotionen:<\/strong>\u00a0Die Systeme handeln strikt regelbasiert \u2013 Angst, Gier oder Stress spielen keine Rolle.<\/li>\n<li><strong>Klare Handelsstrategien:<\/strong>\u00a0Transparente Methoden zur Minimierung des Risikos und Maximierung der Effizienz.<\/li>\n<li><strong>Erprobte Strategien:<\/strong>\u00a0Umfangreiche Tests garantieren Stabilit\u00e4t und nachhaltigen Erfolg \u2013 auch mit kleinem Kapital nutzbar.<\/li>\n<li><strong>Zeiteffizienz:<\/strong>\u00a0Vollautomatischer Handel spart Ihnen wertvolle Zeit.<\/li>\n<\/ul>\n<p><strong>Algo-Trader er\u00f6ffnet Zugang zu professionellen Strategien<\/strong>, die f\u00fcr Privatanleger sonst oft zu teuer oder unzug\u00e4nglich sind. Ob kurzfristige Positionen, wissenschaftlich belegte Markteffekte oder transparente Darstellung aller offenen und geschlossenen Trades \u2013 Sie behalten stets die Kontrolle.<\/p>\n<h3>Transparent &amp; fair<\/h3>\n<ul>\n<li><strong>Keine Fixkosten oder versteckten Geb\u00fchren<\/strong><\/li>\n<li><strong>100% Transparenz:<\/strong>\u00a0Kein Abo<\/li>\n<li><strong>Professionelle Umsetzung:<\/strong>\u00a0Die Laufzeit jedes EA betr\u00e4gt 5 Jahre \u2013 inklusive automatischer Positions\u00f6ffnung und -schlie\u00dfung \u00fcber MetaTrader<\/li>\n<\/ul>\n<h3>Wissenswertes auf einen Blick<\/h3>\n<p>Ihr Feedback ist uns wichtig \u2013 es hilft uns, die Nutzungserfahrung kontinuierlich zu verbessern. Gemeinsam schaffen wir die bestm\u00f6gliche L\u00f6sung f\u00fcr Ihr erfolgreiches Trading.<\/p>\n<h3>Sie haben Fragen?<\/h3>\n<p>Wir sind f\u00fcr Sie da! Z\u00f6gern Sie nicht, uns zu kontaktieren \u2013 es gibt keine \u201eunn\u00f6tigen\u201c oder \u201edummen\u201c Fragen. Jede Anfrage ist willkommen, und wir helfen Ihnen gerne weiter.<\/p>\n<h2><a href=\"https:\/\/www.algo-trader.de\/\" target=\"_blank\" rel=\"noopener\">weitere Informationen zum Algo Trader Portfolio<\/a><\/h2>\n<p>&nbsp;<\/p>\n<hr \/>\n","protected":false},"excerpt":{"rendered":"<p>&nbsp; EA Version Lot Size Algo-Trader Bundle A bis 1 Lot Algo-Trader Bundle B bis 5 Lot Algo-Trader Bundle C [&hellip;]<\/p>\n","protected":false},"featured_media":2905,"comment_status":"closed","ping_status":"closed","template":"","meta":{"site-sidebar-layout":"default","site-content-layout":"","ast-site-content-layout":"default","site-content-style":"default","site-sidebar-style":"default","ast-global-header-display":"","ast-banner-title-visibility":"","ast-main-header-display":"","ast-hfb-above-header-display":"","ast-hfb-below-header-display":"","ast-hfb-mobile-header-display":"","site-post-title":"","ast-breadcrumbs-content":"","ast-featured-img":"","footer-sml-layout":"","ast-disable-related-posts":"","theme-transparent-header-meta":"default","adv-header-id-meta":"","stick-header-meta":"","header-above-stick-meta":"","header-main-stick-meta":"","header-below-stick-meta":"","astra-migrate-meta-layouts":"set","ast-page-background-enabled":"default","ast-page-background-meta":{"desktop":{"background-color":"var(--ast-global-color-5)","background-image":"","background-repeat":"repeat","background-position":"center center","background-size":"auto","background-attachment":"scroll","background-type":"","background-media":"","overlay-type":"","overlay-color":"","overlay-opacity":"","overlay-gradient":""},"tablet":{"background-color":"","background-image":"","background-repeat":"repeat","background-position":"center center","background-size":"auto","background-attachment":"scroll","background-type":"","background-media":"","overlay-type":"","overlay-color":"","overlay-opacity":"","overlay-gradient":""},"mobile":{"background-color":"","background-image":"","background-repeat":"repeat","background-position":"center center","background-size":"auto","background-attachment":"scroll","background-type":"","background-media":"","overlay-type":"","overlay-color":"","overlay-opacity":"","overlay-gradient":""}},"ast-content-background-meta":{"desktop":{"background-color":"var(--ast-global-color-4)","background-image":"","background-repeat":"repeat","background-position":"center center","background-size":"auto","background-attachment":"scroll","background-type":"","background-media":"","overlay-type":"","overlay-color":"","overlay-opacity":"","overlay-gradient":""},"tablet":{"background-color":"var(--ast-global-color-4)","background-image":"","background-repeat":"repeat","background-position":"center center","background-size":"auto","background-attachment":"scroll","background-type":"","background-media":"","overlay-type":"","overlay-color":"","overlay-opacity":"","overlay-gradient":""},"mobile":{"background-color":"var(--ast-global-color-4)","background-image":"","background-repeat":"repeat","background-position":"center center","background-size":"auto","background-attachment":"scroll","background-type":"","background-media":"","overlay-type":"","overlay-color":"","overlay-opacity":"","overlay-gradient":""}}},"product_brand":[90],"product_cat":[134,17,18,129],"product_tag":[],"class_list":{"0":"post-2898","1":"product","2":"type-product","3":"status-publish","4":"has-post-thumbnail","6":"product_brand-market-trader","7":"product_cat-all-products","8":"product_cat-expert-advisor","9":"product_cat-mt4-expert-advisor","10":"product_cat-mt5-expert-advisor","11":"desktop-align-center","12":"tablet-align-left","13":"mobile-align-left","15":"first","16":"outofstock","17":"shipping-taxable","18":"purchasable","19":"product-type-variable"},"_links":{"self":[{"href":"https:\/\/ea-marketplace.com\/de\/wp-json\/wp\/v2\/product\/2898","targetHints":{"allow":["GET"]}}],"collection":[{"href":"https:\/\/ea-marketplace.com\/de\/wp-json\/wp\/v2\/product"}],"about":[{"href":"https:\/\/ea-marketplace.com\/de\/wp-json\/wp\/v2\/types\/product"}],"replies":[{"embeddable":true,"href":"https:\/\/ea-marketplace.com\/de\/wp-json\/wp\/v2\/comments?post=2898"}],"wp:featuredmedia":[{"embeddable":true,"href":"https:\/\/ea-marketplace.com\/de\/wp-json\/wp\/v2\/media\/2905"}],"wp:attachment":[{"href":"https:\/\/ea-marketplace.com\/de\/wp-json\/wp\/v2\/media?parent=2898"}],"wp:term":[{"taxonomy":"product_brand","embeddable":true,"href":"https:\/\/ea-marketplace.com\/de\/wp-json\/wp\/v2\/product_brand?post=2898"},{"taxonomy":"product_cat","embeddable":true,"href":"https:\/\/ea-marketplace.com\/de\/wp-json\/wp\/v2\/product_cat?post=2898"},{"taxonomy":"product_tag","embeddable":true,"href":"https:\/\/ea-marketplace.com\/de\/wp-json\/wp\/v2\/product_tag?post=2898"}],"curies":[{"name":"wp","href":"https:\/\/api.w.org\/{rel}","templated":true}]}}