{"id":2688,"date":"2024-01-08T18:30:21","date_gmt":"2024-01-08T17:30:21","guid":{"rendered":"https:\/\/store.market-trader.de\/?post_type=product&#038;p=2688"},"modified":"2026-04-04T00:13:18","modified_gmt":"2026-04-03T22:13:18","slug":"pound-shorter-ea-expert-advisor-mt5","status":"publish","type":"product","link":"https:\/\/ea-marketplace.com\/de\/product\/pound-shorter-ea-expert-advisor-mt5\/","title":{"rendered":"Pound Shorter EA"},"content":{"rendered":"<h2><b>Pound Shorter EA <\/b>&#8211; Eine einfache aber effektive Strategie<\/h2>\n<div>\n<div>M\u00f6chten Sie Ihre Gewinne im Forex-Markt steigern? Suchen Sie nach einer bew\u00e4hrten Strategie, um von Marktschwankungen zu profitieren? Dann ist der &#8220;Pound Shorter&#8221; genau das Richtige f\u00fcr Sie! Diese effektive Handelsstrategie ist speziell entwickelt worden, um Gewinne beim Handel mit dem Britischen Pfund (GBP) zu maximieren.<\/div>\n<div><\/div>\n<\/div>\n<div>\n<div>Diese Pound Shorter Strategie basiert auf der Strategie von Rene Wolfram und der Beziehung von dem britischen Pfund (GBP) zum USD. Die Pound Shorter Strategie ist eine einfache Strategie, die auf einer gelegentlichen Schw\u00e4che des Britischen Pfunds (GBP) basiert.<\/div>\n<\/div>\n<div><\/div>\n<div>\n<div><b>Wie kann ich von der Pound Shorter Strategie profitieren?<\/b><\/div>\n<div>Die Strategie basiert auf technischer und fundamentaler Analyse des Britischen Pfunds. Gem\u00e4\u00df seiner \u00f6ffentlichen Strategie verkauft man das GBP\/USD am Montag, Dienstag und Freitag um 7:45 Uhr (MEZ) und schlie\u00dft die Position um 13:00 Uhr (MEZ), wenn man nicht ausgestopt wurde. Der Stop\/Loss ist bei 80 Pips. Mit einem zus\u00e4tzlichen Filter wie z.B. ein gleitender Durchschnitt (MA &#8211; Moving Average) kann man die Ergebnisse noch weiter verbessern.<\/div>\n<div><\/div>\n<div>\n<div><b>Warum sollten Sie den &#8220;Pound Shorter&#8221; w\u00e4hlen?<\/b><\/div>\n<div>\n<ol>\n<li><b>Profitabel:<\/b><br \/>\nDer &#8220;Pound Shorter&#8221; hat sich als \u00e4u\u00dferst profitabel erwiesen und erm\u00f6glicht es Ihnen, von fallenden Kursen des Britischen Pfunds zu profitieren.<br \/>\n<b><br \/>\n<\/b><\/li>\n<li><b>Einfach anzuwenden:<\/b><br \/>\nSelbst f\u00fcr Anf\u00e4nger im Forex-Handel ist diese Strategie leicht verst\u00e4ndlich und einfach anzuwenden. Sie erhalten klare Anweisungen und Signale, um Ihre Trades zu platzieren.<br \/>\n<b><br \/>\n<\/b><\/li>\n<li><b>Risikomanagement:<\/b><br \/>\nDie Strategie umfasst auch ein robustes Risikomanagement, um Verluste zu minimieren und Ihre Kapitalerhaltung zu gew\u00e4hrleisten.<br \/>\n<b><br \/>\n<\/b><\/li>\n<li><b>Langj\u00e4hrige Erfahrung:<\/b><br \/>\nDer &#8220;Pound Shorter&#8221; basiert auf langj\u00e4hriger Erfahrung und fundierten Marktanalysen. Er wurde von erfahrenen Forex-H\u00e4ndlern entwickelt und getestet.<\/li>\n<\/ol>\n<\/div>\n<\/div>\n<\/div>\n<div><b>Was erhalten Sie?<\/b><br \/>\nEinen Expert Advisor f\u00fcr den Meta Trader 4 und eine Lizenz-Datei.<\/div>\n<div><b>\u00a0<\/b><\/div>\n<div><b>Folgende anpassbare Optionen sind im Pound Shorter EA m\u00f6glich:<\/b><\/div>\n<div>\n<div>\n<ul>\n<li>Startzeit<\/li>\n<li>Endzeit<\/li>\n<li>Lotsize<\/li>\n<li>Risiko in %<\/li>\n<li>Stoploss<\/li>\n<li>Trailing<\/li>\n<li>Breakeven<\/li>\n<li>Wochentage<\/li>\n<li>Filter &#8211; MA<\/li>\n<li>Chartinfo<\/li>\n<\/ul>\n<\/div>\n<\/div>\n<div><b>7\u00a0 Top Gr\u00fcnde f\u00fcr die Vorteile dieses Expert Advisor<\/b><\/div>\n<div>\n<div>\n<ul>\n<li>Ein von einem bekannten deutschen Trader identifizierter Markteffekt.<\/li>\n<li>Gute Rendite \u00fcber die letzten 10 Jahre.<\/li>\n<li>Eine Strategie mit stabilen Ergebnissen.<\/li>\n<li>Kein Overnight-Risiko, die Position wird nur Intraday gehalten.<\/li>\n<li>GBPUSD ein Forex-Paar mit hohem Ordervolumen und Liquidit\u00e4t.<\/li>\n<li>Lebenslange EA-Lizenz<\/li>\n<li>Digital Download am selben Werktag<\/li>\n<\/ul>\n<\/div>\n<\/div>\n<hr \/>\n<p>&nbsp;<\/p>\n","protected":false},"excerpt":{"rendered":"<p>&nbsp;<\/p>\n<ul>\n<li>Beliebig viele Demo Accounts<\/li>\n<li>Beliebig viele Real Accounts<\/li>\n<li>12 Monate kostenlose Updates<\/li>\n<li>12 Monate E-Mail Support<\/li>\n<li>Lizenz Lebenslang<\/li>\n<\/ul>\n<hr \/>\n<p>&nbsp;<\/p>\n","protected":false},"featured_media":2723,"comment_status":"closed","ping_status":"closed","template":"","meta":{"site-sidebar-layout":"default","site-content-layout":"","ast-site-content-layout":"default","site-content-style":"default","site-sidebar-style":"default","ast-global-header-display":"","ast-banner-title-visibility":"","ast-main-header-display":"","ast-hfb-above-header-display":"","ast-hfb-below-header-display":"","ast-hfb-mobile-header-display":"","site-post-title":"","ast-breadcrumbs-content":"","ast-featured-img":"","footer-sml-layout":"","ast-disable-related-posts":"","theme-transparent-header-meta":"default","adv-header-id-meta":"","stick-header-meta":"","header-above-stick-meta":"","header-main-stick-meta":"","header-below-stick-meta":"","astra-migrate-meta-layouts":"set","ast-page-background-enabled":"default","ast-page-background-meta":{"desktop":{"background-color":"var(--ast-global-color-5)","background-image":"","background-repeat":"repeat","background-position":"center center","background-size":"auto","background-attachment":"scroll","background-type":"","background-media":"","overlay-type":"","overlay-color":"","overlay-opacity":"","overlay-gradient":""},"tablet":{"background-color":"","background-image":"","background-repeat":"repeat","background-position":"center center","background-size":"auto","background-attachment":"scroll","background-type":"","background-media":"","overlay-type":"","overlay-color":"","overlay-opacity":"","overlay-gradient":""},"mobile":{"background-color":"","background-image":"","background-repeat":"repeat","background-position":"center center","background-size":"auto","background-attachment":"scroll","background-type":"","background-media":"","overlay-type":"","overlay-color":"","overlay-opacity":"","overlay-gradient":""}},"ast-content-background-meta":{"desktop":{"background-color":"var(--ast-global-color-4)","background-image":"","background-repeat":"repeat","background-position":"center center","background-size":"auto","background-attachment":"scroll","background-type":"","background-media":"","overlay-type":"","overlay-color":"","overlay-opacity":"","overlay-gradient":""},"tablet":{"background-color":"var(--ast-global-color-4)","background-image":"","background-repeat":"repeat","background-position":"center center","background-size":"auto","background-attachment":"scroll","background-type":"","background-media":"","overlay-type":"","overlay-color":"","overlay-opacity":"","overlay-gradient":""},"mobile":{"background-color":"var(--ast-global-color-4)","background-image":"","background-repeat":"repeat","background-position":"center center","background-size":"auto","background-attachment":"scroll","background-type":"","background-media":"","overlay-type":"","overlay-color":"","overlay-opacity":"","overlay-gradient":""}}},"product_brand":[],"product_cat":[134,17,18,129],"product_tag":[115,93,91,92,118],"class_list":{"0":"post-2688","1":"product","2":"type-product","3":"status-publish","4":"has-post-thumbnail","6":"product_cat-all-products","7":"product_cat-expert-advisor","8":"product_cat-mt4-expert-advisor","9":"product_cat-mt5-expert-advisor","10":"product_tag-expert-advisor-2","11":"product_tag-metatrader","12":"product_tag-mt4","13":"product_tag-mt5","14":"product_tag-pound-shorter-ea","15":"desktop-align-center","16":"tablet-align-left","17":"mobile-align-left","19":"first","20":"instock","21":"shipping-taxable","22":"purchasable","23":"product-type-variable"},"_links":{"self":[{"href":"https:\/\/ea-marketplace.com\/de\/wp-json\/wp\/v2\/product\/2688","targetHints":{"allow":["GET"]}}],"collection":[{"href":"https:\/\/ea-marketplace.com\/de\/wp-json\/wp\/v2\/product"}],"about":[{"href":"https:\/\/ea-marketplace.com\/de\/wp-json\/wp\/v2\/types\/product"}],"replies":[{"embeddable":true,"href":"https:\/\/ea-marketplace.com\/de\/wp-json\/wp\/v2\/comments?post=2688"}],"wp:featuredmedia":[{"embeddable":true,"href":"https:\/\/ea-marketplace.com\/de\/wp-json\/wp\/v2\/media\/2723"}],"wp:attachment":[{"href":"https:\/\/ea-marketplace.com\/de\/wp-json\/wp\/v2\/media?parent=2688"}],"wp:term":[{"taxonomy":"product_brand","embeddable":true,"href":"https:\/\/ea-marketplace.com\/de\/wp-json\/wp\/v2\/product_brand?post=2688"},{"taxonomy":"product_cat","embeddable":true,"href":"https:\/\/ea-marketplace.com\/de\/wp-json\/wp\/v2\/product_cat?post=2688"},{"taxonomy":"product_tag","embeddable":true,"href":"https:\/\/ea-marketplace.com\/de\/wp-json\/wp\/v2\/product_tag?post=2688"}],"curies":[{"name":"wp","href":"https:\/\/api.w.org\/{rel}","templated":true}]}}