{"id":2597,"date":"2023-11-09T08:23:21","date_gmt":"2023-11-09T07:23:21","guid":{"rendered":"https:\/\/store.market-trader.de\/?post_type=product&#038;p=2597"},"modified":"2025-07-05T09:58:02","modified_gmt":"2025-07-05T07:58:02","slug":"600-indikatoren-mt5","status":"publish","type":"product","link":"https:\/\/ea-marketplace.com\/de\/product\/600-indikatoren-mt5\/","title":{"rendered":"Indikatoren MT5"},"content":{"rendered":"<h1 class=\"content__title\" style=\"text-align: left;\">600 Indikatoren f\u00fcr den MetaTrader MT5<\/h1>\n<h2 class=\"content__title\" style=\"text-align: left;\">Top Forex, Indices and Stocks Indicators for Metatrader 5<\/h2>\n<h3 style=\"text-align: left;\"><strong>Format als ex5 oder mq5<\/strong><\/h3>\n<p>&nbsp;<\/p>\n<p>Die Indikatoren sind einfach zu installieren und k\u00f6nnen in Ihrer bevorzugten Handelsplattform verwendet werden. Profitieren Sie von einer vielf\u00e4ltigen Auswahl an Indikatoren, um Ihre Handelsentscheidungen zu verbessern und Ihr Potenzial am Forex-Markt zu maximieren.<\/p>\n<p>Warum Sie sich f\u00fcr meine Dienstleistung entscheiden sollten: Ich habe umfassende Erfahrung im Bereich des Forex-Handels und verf\u00fcge \u00fcber fundierte Kenntnisse \u00fcber eine Vielzahl von Indikatoren. Meine Dienstleistung bietet Ihnen eine zeitsparende M\u00f6glichkeit, eine vielf\u00e4ltige Auswahl an Indikatoren zu erhalten, ohne stundenlang im Internet suchen zu m\u00fcssen.<\/p>\n<p><b>Hinweis:<\/b>\u00a0Diese Dienstleistung umfasst ausschlie\u00dflich technische Unterst\u00fctzung beim Zusammenstellen und Bereitstellen von Download-Links f\u00fcr Indikatoren, die kostenlos im Internet erh\u00e4ltlich sind. Die Indikatoren selbst unterliegen den jeweiligen Lizenzbedingungen der Entwickler und werden nicht ver\u00e4ndert. Sie erwerben keine Software, sondern eine Serviceleistung, die Ihnen Zeit spart und einen einfachen Zugang erm\u00f6glicht.<\/p>\n<h3 style=\"text-align: center;\"><strong>\u00a0<\/strong><\/h3>\n","protected":false},"excerpt":{"rendered":"<p>&nbsp;<\/p>\n<p class=\"content__title\" style=\"text-align: left;\">Top Forex, Indices and Stocks Indicators for Metatrader 5<\/p>\n","protected":false},"featured_media":2761,"comment_status":"closed","ping_status":"closed","template":"","meta":{"site-sidebar-layout":"default","site-content-layout":"","ast-site-content-layout":"default","site-content-style":"default","site-sidebar-style":"default","ast-global-header-display":"","ast-banner-title-visibility":"","ast-main-header-display":"","ast-hfb-above-header-display":"","ast-hfb-below-header-display":"","ast-hfb-mobile-header-display":"","site-post-title":"","ast-breadcrumbs-content":"","ast-featured-img":"","footer-sml-layout":"","ast-disable-related-posts":"","theme-transparent-header-meta":"default","adv-header-id-meta":"","stick-header-meta":"","header-above-stick-meta":"","header-main-stick-meta":"","header-below-stick-meta":"","astra-migrate-meta-layouts":"set","ast-page-background-enabled":"default","ast-page-background-meta":{"desktop":{"background-color":"var(--ast-global-color-5)","background-image":"","background-repeat":"repeat","background-position":"center center","background-size":"auto","background-attachment":"scroll","background-type":"","background-media":"","overlay-type":"","overlay-color":"","overlay-opacity":"","overlay-gradient":""},"tablet":{"background-color":"","background-image":"","background-repeat":"repeat","background-position":"center center","background-size":"auto","background-attachment":"scroll","background-type":"","background-media":"","overlay-type":"","overlay-color":"","overlay-opacity":"","overlay-gradient":""},"mobile":{"background-color":"","background-image":"","background-repeat":"repeat","background-position":"center center","background-size":"auto","background-attachment":"scroll","background-type":"","background-media":"","overlay-type":"","overlay-color":"","overlay-opacity":"","overlay-gradient":""}},"ast-content-background-meta":{"desktop":{"background-color":"var(--ast-global-color-4)","background-image":"","background-repeat":"repeat","background-position":"center center","background-size":"auto","background-attachment":"scroll","background-type":"","background-media":"","overlay-type":"","overlay-color":"","overlay-opacity":"","overlay-gradient":""},"tablet":{"background-color":"var(--ast-global-color-4)","background-image":"","background-repeat":"repeat","background-position":"center center","background-size":"auto","background-attachment":"scroll","background-type":"","background-media":"","overlay-type":"","overlay-color":"","overlay-opacity":"","overlay-gradient":""},"mobile":{"background-color":"var(--ast-global-color-4)","background-image":"","background-repeat":"repeat","background-position":"center center","background-size":"auto","background-attachment":"scroll","background-type":"","background-media":"","overlay-type":"","overlay-color":"","overlay-opacity":"","overlay-gradient":""}}},"product_brand":[90],"product_cat":[134,126,128],"product_tag":[135,92],"class_list":{"0":"post-2597","1":"product","2":"type-product","3":"status-publish","4":"has-post-thumbnail","6":"product_brand-market-trader","7":"product_cat-all-products","8":"product_cat-indikatoren","9":"product_cat-mt5-indikatoren","10":"product_tag-indikatoren","11":"product_tag-mt5","12":"desktop-align-center","13":"tablet-align-left","14":"mobile-align-left","16":"first","17":"instock","18":"downloadable","19":"virtual","20":"purchasable","21":"product-type-simple"},"_links":{"self":[{"href":"https:\/\/ea-marketplace.com\/de\/wp-json\/wp\/v2\/product\/2597","targetHints":{"allow":["GET"]}}],"collection":[{"href":"https:\/\/ea-marketplace.com\/de\/wp-json\/wp\/v2\/product"}],"about":[{"href":"https:\/\/ea-marketplace.com\/de\/wp-json\/wp\/v2\/types\/product"}],"replies":[{"embeddable":true,"href":"https:\/\/ea-marketplace.com\/de\/wp-json\/wp\/v2\/comments?post=2597"}],"wp:featuredmedia":[{"embeddable":true,"href":"https:\/\/ea-marketplace.com\/de\/wp-json\/wp\/v2\/media\/2761"}],"wp:attachment":[{"href":"https:\/\/ea-marketplace.com\/de\/wp-json\/wp\/v2\/media?parent=2597"}],"wp:term":[{"taxonomy":"product_brand","embeddable":true,"href":"https:\/\/ea-marketplace.com\/de\/wp-json\/wp\/v2\/product_brand?post=2597"},{"taxonomy":"product_cat","embeddable":true,"href":"https:\/\/ea-marketplace.com\/de\/wp-json\/wp\/v2\/product_cat?post=2597"},{"taxonomy":"product_tag","embeddable":true,"href":"https:\/\/ea-marketplace.com\/de\/wp-json\/wp\/v2\/product_tag?post=2597"}],"curies":[{"name":"wp","href":"https:\/\/api.w.org\/{rel}","templated":true}]}}