{"id":2563,"date":"2023-11-08T22:16:07","date_gmt":"2023-11-08T21:16:07","guid":{"rendered":"https:\/\/store.market-trader.de\/?post_type=product&#038;p=2563"},"modified":"2025-11-03T23:44:50","modified_gmt":"2025-11-03T22:44:50","slug":"5-x-trading-strategie-systeme-pack-3","status":"publish","type":"product","link":"https:\/\/ea-marketplace.com\/de\/product\/5-x-trading-strategie-systeme-pack-3\/","title":{"rendered":"Trading Strategie Pack 3"},"content":{"rendered":"<h1 class=\"content__title\">5 x Forex Trading Strategie Systeme MT4 &#8211; Pack 3<\/h1>\n<p>5 Trading Handelssysteme f\u00fcr den MetaTrader 4 &#8211; was jedem H\u00e4ndler die M\u00f6glichkeit einr\u00e4umt profitabel mit Forex und Indizes zu handeln.\u00a0Besonders geeignet f\u00fcr Neulinge und fortgeschrittene Trader.\u00a0Die Strategien sind auf einer beliebigen Anzahl von MT4 Echt- und Demokonten anwendbar.<\/p>\n<p>F\u00fcr jedes einzelne System:<br \/>\nIndikatoren und eine Template-Datei<\/p>\n<p>Sie erwerben hier auf das Forex-Pack 3<\/p>\n<p style=\"padding-left: 40px;\"><i class=\"fa fa-check\" aria-hidden=\"true\"><\/i>\u00a05 Min Forex Scalping System<br \/>\n<i class=\"fa fa-check\" aria-hidden=\"true\"><\/i>\u00a0AUDUSD Scalping System<br \/>\n<i class=\"fa fa-check\" aria-hidden=\"true\"><\/i>\u00a0Extreme Scalping Trading System<br \/>\n<i class=\"fa fa-check\" aria-hidden=\"true\"><\/i>\u00a0Free Scalping System<br \/>\n<i class=\"fa fa-check\" aria-hidden=\"true\"><\/i>\u00a0Gadi Scalping System<\/p>\n<hr \/>\n<p>&nbsp;<\/p>\n","protected":false},"excerpt":{"rendered":"<p>Sie erwerben hier auf das Forex-Pack 3<\/p>\n<p style=\"padding-left: 40px;\"><i class=\"fa fa-check\" aria-hidden=\"true\"><\/i>\u00a05 Min Forex Scalping System<br \/>\n<i class=\"fa fa-check\" aria-hidden=\"true\"><\/i>\u00a0AUDUSD Scalping System<br \/>\n<i class=\"fa fa-check\" aria-hidden=\"true\"><\/i>\u00a0Extreme Scalping Trading System<br \/>\n<i class=\"fa fa-check\" aria-hidden=\"true\"><\/i>\u00a0Free Scalping System<br \/>\n<i class=\"fa fa-check\" aria-hidden=\"true\"><\/i>\u00a0Gadi Scalping System<\/p>\n<hr \/>\n<p>&nbsp;<\/p>\n","protected":false},"featured_media":2775,"comment_status":"closed","ping_status":"closed","template":"","meta":{"site-sidebar-layout":"default","site-content-layout":"","ast-site-content-layout":"default","site-content-style":"default","site-sidebar-style":"default","ast-global-header-display":"","ast-banner-title-visibility":"","ast-main-header-display":"","ast-hfb-above-header-display":"","ast-hfb-below-header-display":"","ast-hfb-mobile-header-display":"","site-post-title":"","ast-breadcrumbs-content":"","ast-featured-img":"","footer-sml-layout":"","ast-disable-related-posts":"","theme-transparent-header-meta":"default","adv-header-id-meta":"","stick-header-meta":"","header-above-stick-meta":"","header-main-stick-meta":"","header-below-stick-meta":"","astra-migrate-meta-layouts":"set","ast-page-background-enabled":"default","ast-page-background-meta":{"desktop":{"background-color":"var(--ast-global-color-5)","background-image":"","background-repeat":"repeat","background-position":"center center","background-size":"auto","background-attachment":"scroll","background-type":"","background-media":"","overlay-type":"","overlay-color":"","overlay-opacity":"","overlay-gradient":""},"tablet":{"background-color":"","background-image":"","background-repeat":"repeat","background-position":"center center","background-size":"auto","background-attachment":"scroll","background-type":"","background-media":"","overlay-type":"","overlay-color":"","overlay-opacity":"","overlay-gradient":""},"mobile":{"background-color":"","background-image":"","background-repeat":"repeat","background-position":"center center","background-size":"auto","background-attachment":"scroll","background-type":"","background-media":"","overlay-type":"","overlay-color":"","overlay-opacity":"","overlay-gradient":""}},"ast-content-background-meta":{"desktop":{"background-color":"var(--ast-global-color-4)","background-image":"","background-repeat":"repeat","background-position":"center center","background-size":"auto","background-attachment":"scroll","background-type":"","background-media":"","overlay-type":"","overlay-color":"","overlay-opacity":"","overlay-gradient":""},"tablet":{"background-color":"var(--ast-global-color-4)","background-image":"","background-repeat":"repeat","background-position":"center center","background-size":"auto","background-attachment":"scroll","background-type":"","background-media":"","overlay-type":"","overlay-color":"","overlay-opacity":"","overlay-gradient":""},"mobile":{"background-color":"var(--ast-global-color-4)","background-image":"","background-repeat":"repeat","background-position":"center center","background-size":"auto","background-attachment":"scroll","background-type":"","background-media":"","overlay-type":"","overlay-color":"","overlay-opacity":"","overlay-gradient":""}}},"product_brand":[90],"product_cat":[134,126,127,133,132],"product_tag":[97,135,91],"class_list":{"0":"post-2563","1":"product","2":"type-product","3":"status-publish","4":"has-post-thumbnail","6":"product_brand-market-trader","7":"product_cat-all-products","8":"product_cat-indikatoren","9":"product_cat-mt4-indikatoren","10":"product_cat-mt4-trading-strategien","11":"product_cat-trading-strategien","12":"product_tag-daytrading-strategie","13":"product_tag-indikatoren","14":"product_tag-mt4","15":"desktop-align-center","16":"tablet-align-left","17":"mobile-align-left","19":"first","20":"instock","21":"sale","22":"downloadable","23":"virtual","24":"purchasable","25":"product-type-simple"},"_links":{"self":[{"href":"https:\/\/ea-marketplace.com\/de\/wp-json\/wp\/v2\/product\/2563","targetHints":{"allow":["GET"]}}],"collection":[{"href":"https:\/\/ea-marketplace.com\/de\/wp-json\/wp\/v2\/product"}],"about":[{"href":"https:\/\/ea-marketplace.com\/de\/wp-json\/wp\/v2\/types\/product"}],"replies":[{"embeddable":true,"href":"https:\/\/ea-marketplace.com\/de\/wp-json\/wp\/v2\/comments?post=2563"}],"wp:featuredmedia":[{"embeddable":true,"href":"https:\/\/ea-marketplace.com\/de\/wp-json\/wp\/v2\/media\/2775"}],"wp:attachment":[{"href":"https:\/\/ea-marketplace.com\/de\/wp-json\/wp\/v2\/media?parent=2563"}],"wp:term":[{"taxonomy":"product_brand","embeddable":true,"href":"https:\/\/ea-marketplace.com\/de\/wp-json\/wp\/v2\/product_brand?post=2563"},{"taxonomy":"product_cat","embeddable":true,"href":"https:\/\/ea-marketplace.com\/de\/wp-json\/wp\/v2\/product_cat?post=2563"},{"taxonomy":"product_tag","embeddable":true,"href":"https:\/\/ea-marketplace.com\/de\/wp-json\/wp\/v2\/product_tag?post=2563"}],"curies":[{"name":"wp","href":"https:\/\/api.w.org\/{rel}","templated":true}]}}