{"id":80,"date":"2025-06-18T18:41:12","date_gmt":"2025-06-18T16:41:12","guid":{"rendered":"https:\/\/store.market-trader.de\/echtheit-von-bewertungen\/"},"modified":"2025-06-20T00:23:12","modified_gmt":"2025-06-19T22:23:12","slug":"echtheit-von-bewertungen","status":"publish","type":"page","link":"https:\/\/ea-marketplace.com\/de\/echtheit-von-bewertungen\/","title":{"rendered":"Informationen zur Echtheit von Kundenbewertungen"},"content":{"rendered":"\n<p>Unsere Kundenbewertungen stammen ausschlie\u00dflich von verifizierten K\u00e4ufern, die das Produkt tats\u00e4chlich erworben haben. Jede Bewertung wird auf Echtheit und Missbrauch gepr\u00fcft, um sicherzustellen, dass unsere Kunden eine ehrliche und vertrauensw\u00fcrdige Einsch\u00e4tzung erhalten. Wir ver\u00f6ffentlichen nur Bewertungen von verifizierten K\u00e4ufern.<\/p>\n\n\n\n<p>In unserem pers\u00f6nlichen Kundenportal wird der Bewertungslink nur dann angezeigt, wenn der Kunde das Produkt nach einem Online-Kauf tats\u00e4chlich erworben hat. Bewertungen f\u00fcr nicht gekaufte Produkte sind nicht m\u00f6glich.<\/p>\n\n\n\n<p>Produkte, die als &#8220;Demo&#8221;, &#8220;Free&#8221; oder in \u00e4hnlicher Weise gekennzeichnet sind, werden automatisch von der Bewertungsfunktion ausgeschlossen.<\/p>\n\n\n\n<p><\/p>\n","protected":false},"excerpt":{"rendered":"<p>Unsere Kundenbewertungen stammen ausschlie\u00dflich von verifizierten K\u00e4ufern, die das Produkt tats\u00e4chlich erworben haben. Jede Bewertung wird auf Echtheit und Missbrauch [&hellip;]<\/p>\n","protected":false},"author":1,"featured_media":0,"parent":0,"menu_order":0,"comment_status":"closed","ping_status":"closed","template":"","meta":{"site-sidebar-layout":"default","site-content-layout":"","ast-site-content-layout":"default","site-content-style":"default","site-sidebar-style":"default","ast-global-header-display":"","ast-banner-title-visibility":"","ast-main-header-display":"","ast-hfb-above-header-display":"","ast-hfb-below-header-display":"","ast-hfb-mobile-header-display":"","site-post-title":"","ast-breadcrumbs-content":"","ast-featured-img":"","footer-sml-layout":"","ast-disable-related-posts":"","theme-transparent-header-meta":"","adv-header-id-meta":"","stick-header-meta":"","header-above-stick-meta":"","header-main-stick-meta":"","header-below-stick-meta":"","astra-migrate-meta-layouts":"default","ast-page-background-enabled":"default","ast-page-background-meta":{"desktop":{"background-color":"var(--ast-global-color-5)","background-image":"","background-repeat":"repeat","background-position":"center center","background-size":"auto","background-attachment":"scroll","background-type":"","background-media":"","overlay-type":"","overlay-color":"","overlay-opacity":"","overlay-gradient":""},"tablet":{"background-color":"","background-image":"","background-repeat":"repeat","background-position":"center center","background-size":"auto","background-attachment":"scroll","background-type":"","background-media":"","overlay-type":"","overlay-color":"","overlay-opacity":"","overlay-gradient":""},"mobile":{"background-color":"","background-image":"","background-repeat":"repeat","background-position":"center center","background-size":"auto","background-attachment":"scroll","background-type":"","background-media":"","overlay-type":"","overlay-color":"","overlay-opacity":"","overlay-gradient":""}},"ast-content-background-meta":{"desktop":{"background-color":"var(--ast-global-color-4)","background-image":"","background-repeat":"repeat","background-position":"center center","background-size":"auto","background-attachment":"scroll","background-type":"","background-media":"","overlay-type":"","overlay-color":"","overlay-opacity":"","overlay-gradient":""},"tablet":{"background-color":"var(--ast-global-color-4)","background-image":"","background-repeat":"repeat","background-position":"center center","background-size":"auto","background-attachment":"scroll","background-type":"","background-media":"","overlay-type":"","overlay-color":"","overlay-opacity":"","overlay-gradient":""},"mobile":{"background-color":"var(--ast-global-color-4)","background-image":"","background-repeat":"repeat","background-position":"center center","background-size":"auto","background-attachment":"scroll","background-type":"","background-media":"","overlay-type":"","overlay-color":"","overlay-opacity":"","overlay-gradient":""}},"footnotes":""},"class_list":["post-80","page","type-page","status-publish","hentry"],"_links":{"self":[{"href":"https:\/\/ea-marketplace.com\/de\/wp-json\/wp\/v2\/pages\/80","targetHints":{"allow":["GET"]}}],"collection":[{"href":"https:\/\/ea-marketplace.com\/de\/wp-json\/wp\/v2\/pages"}],"about":[{"href":"https:\/\/ea-marketplace.com\/de\/wp-json\/wp\/v2\/types\/page"}],"author":[{"embeddable":true,"href":"https:\/\/ea-marketplace.com\/de\/wp-json\/wp\/v2\/users\/1"}],"replies":[{"embeddable":true,"href":"https:\/\/ea-marketplace.com\/de\/wp-json\/wp\/v2\/comments?post=80"}],"version-history":[{"count":3,"href":"https:\/\/ea-marketplace.com\/de\/wp-json\/wp\/v2\/pages\/80\/revisions"}],"predecessor-version":[{"id":164,"href":"https:\/\/ea-marketplace.com\/de\/wp-json\/wp\/v2\/pages\/80\/revisions\/164"}],"wp:attachment":[{"href":"https:\/\/ea-marketplace.com\/de\/wp-json\/wp\/v2\/media?parent=80"}],"curies":[{"name":"wp","href":"https:\/\/api.w.org\/{rel}","templated":true}]}}