{"id":2937,"date":"2025-07-10T08:44:23","date_gmt":"2025-07-10T06:44:23","guid":{"rendered":"https:\/\/store.market-trader.de\/?page_id=2937"},"modified":"2025-10-01T14:34:48","modified_gmt":"2025-10-01T12:34:48","slug":"daily-dax-ihr-taeglicher-ki-marktausblick","status":"publish","type":"page","link":"https:\/\/ea-marketplace.com\/de\/daily-dax-ihr-taeglicher-ki-marktausblick\/","title":{"rendered":"Daily DAX \u2013 Ihr t\u00e4glicher KI-Marktausblick"},"content":{"rendered":"\r\n<div>\r\n    <p>Closing price of: 17.04.2026<\/p>\r\n    <p><body>\r\n<H2>Technische Analyse des DAX<\/H2>\r\n<p>Beim Er\u00f6ffnungskurs von 24.150,47, erreichte der DAX einen Tagesh\u00f6chstkurs von 24.792,46 und einen Tagestiefstkurs von 24.146,58. Der Schlusskurs ist momentan nicht verf\u00fcgbar.<\/p>\r\n\r\n<H2>Kurzfristige und Langfristige Trends<\/H2>\r\n<p>Die DAX-Daten weisen auf positive kurzfristige Signale hin, da der Tagesh\u00f6chstkurs den Er\u00f6ffnungskurs \u00fcbersteigt. Allerdings kann aufgrund der Unverf\u00fcgbarkeit des Schlusskurses keine genaue Bestimmung des langfristigen Trends erfolgen.<\/p>\r\n\r\n<H2>Potenzielle Risiken<\/H2>\r\n<p>Kurzfristig scheint der DAX eine positive Tendenz zu haben, jedoch muss betont werden, dass bis zur Schlussglocke viele Variablen den Index beeinflussen k\u00f6nnten. Die Anleger sollten beachten, dass der Schlusskurs das kritischste Level ist, um die t\u00e4gliche Performance zu bewerten.<\/p>\r\n\r\n<H2>Handelsstrategien<\/H2>\r\n<p>Auf Basis der gegebenen Daten k\u00f6nnten die Anleger \u00fcber eine Long-Position nachdenken, da der Markt eine Aufw\u00e4rtstendenz zeigt. Dennoch ist es essentiell, die Entwicklung des Marktes im Auge zu behalten und Entscheidungen anzupassen, sobald der Schlusskurs feststeht.<\/p>\r\n\r\n<H2>Hochs und Tiefs<\/H2>\r\n<p>Der Markt begann in der N\u00e4he seines Tagestiefs und erreichte im Verlauf des Tages ein neues Hoch. Dies deutet auf eine starke Aufw\u00e4rtsdynamik im Laufe des Tages hin.<\/p>\r\n\r\n<HR>\r\n<small>Disclaimer - Bitte beachten Sie, dass diese KI-Analysen auf bestimmten Annahmen beruht und keine Kauf- oder Verkaufsempfehlungen darstellt. Jede Anlageentscheidung sollte auf eingehender pers\u00f6nlicher Analyse basieren.<\/small>\r\n<\/body><\/p>\r\n    <p>&nbsp;<\/p>\r\n<\/div>\r\n\n\n\n\n<!-- TradingView Widget BEGIN -->\n<div class=\"tradingview-widget-container\">\n  <div id=\"tradingview_dax\"><\/div>\n  <script type=\"text\/javascript\" src=\"https:\/\/s3.tradingview.com\/tv.js\"><\/script>\n  <script type=\"text\/javascript\">\n  new TradingView.widget({\n    \"width\": \"100%\",\n    \"height\": 500,\n    \"symbol\": \"GER30\",\n    \"interval\": \"H1\",\n    \"timezone\": \"Europe\/Berlin\",\n    \"theme\": \"light\",\n    \"style\": \"1\",\n    \"locale\": \"de\",\n    \"toolbar_bg\": \"#f1f3f6\",\n    \"hide_top_toolbar\": false,\n    \"withdateranges\": true,\n    \"allow_symbol_change\": true,\n    \"container_id\": \"tradingview_dax\"\n  });\n  <\/script>\n<\/div>\n<!-- TradingView Widget END -->\n\n\n\n\n<p><\/p>\n","protected":false},"excerpt":{"rendered":"","protected":false},"author":1,"featured_media":0,"parent":0,"menu_order":0,"comment_status":"closed","ping_status":"closed","template":"","meta":{"site-sidebar-layout":"default","site-content-layout":"","ast-site-content-layout":"default","site-content-style":"default","site-sidebar-style":"default","ast-global-header-display":"","ast-banner-title-visibility":"","ast-main-header-display":"","ast-hfb-above-header-display":"","ast-hfb-below-header-display":"","ast-hfb-mobile-header-display":"","site-post-title":"","ast-breadcrumbs-content":"","ast-featured-img":"","footer-sml-layout":"","ast-disable-related-posts":"","theme-transparent-header-meta":"","adv-header-id-meta":"","stick-header-meta":"","header-above-stick-meta":"","header-main-stick-meta":"","header-below-stick-meta":"","astra-migrate-meta-layouts":"default","ast-page-background-enabled":"default","ast-page-background-meta":{"desktop":{"background-color":"var(--ast-global-color-5)","background-image":"","background-repeat":"repeat","background-position":"center center","background-size":"auto","background-attachment":"scroll","background-type":"","background-media":"","overlay-type":"","overlay-color":"","overlay-opacity":"","overlay-gradient":""},"tablet":{"background-color":"","background-image":"","background-repeat":"repeat","background-position":"center center","background-size":"auto","background-attachment":"scroll","background-type":"","background-media":"","overlay-type":"","overlay-color":"","overlay-opacity":"","overlay-gradient":""},"mobile":{"background-color":"","background-image":"","background-repeat":"repeat","background-position":"center center","background-size":"auto","background-attachment":"scroll","background-type":"","background-media":"","overlay-type":"","overlay-color":"","overlay-opacity":"","overlay-gradient":""}},"ast-content-background-meta":{"desktop":{"background-color":"var(--ast-global-color-4)","background-image":"","background-repeat":"repeat","background-position":"center center","background-size":"auto","background-attachment":"scroll","background-type":"","background-media":"","overlay-type":"","overlay-color":"","overlay-opacity":"","overlay-gradient":""},"tablet":{"background-color":"var(--ast-global-color-4)","background-image":"","background-repeat":"repeat","background-position":"center center","background-size":"auto","background-attachment":"scroll","background-type":"","background-media":"","overlay-type":"","overlay-color":"","overlay-opacity":"","overlay-gradient":""},"mobile":{"background-color":"var(--ast-global-color-4)","background-image":"","background-repeat":"repeat","background-position":"center center","background-size":"auto","background-attachment":"scroll","background-type":"","background-media":"","overlay-type":"","overlay-color":"","overlay-opacity":"","overlay-gradient":""}},"footnotes":""},"class_list":["post-2937","page","type-page","status-publish","hentry"],"_links":{"self":[{"href":"https:\/\/ea-marketplace.com\/de\/wp-json\/wp\/v2\/pages\/2937","targetHints":{"allow":["GET"]}}],"collection":[{"href":"https:\/\/ea-marketplace.com\/de\/wp-json\/wp\/v2\/pages"}],"about":[{"href":"https:\/\/ea-marketplace.com\/de\/wp-json\/wp\/v2\/types\/page"}],"author":[{"embeddable":true,"href":"https:\/\/ea-marketplace.com\/de\/wp-json\/wp\/v2\/users\/1"}],"replies":[{"embeddable":true,"href":"https:\/\/ea-marketplace.com\/de\/wp-json\/wp\/v2\/comments?post=2937"}],"version-history":[{"count":4,"href":"https:\/\/ea-marketplace.com\/de\/wp-json\/wp\/v2\/pages\/2937\/revisions"}],"predecessor-version":[{"id":2941,"href":"https:\/\/ea-marketplace.com\/de\/wp-json\/wp\/v2\/pages\/2937\/revisions\/2941"}],"wp:attachment":[{"href":"https:\/\/ea-marketplace.com\/de\/wp-json\/wp\/v2\/media?parent=2937"}],"curies":[{"name":"wp","href":"https:\/\/api.w.org\/{rel}","templated":true}]}}